{"id":10308,"date":"2019-08-07T17:52:39","date_gmt":"2019-08-07T15:52:39","guid":{"rendered":"https:\/\/www.biereyourself.fr\/product\/brewing-workshop-hoppy\/"},"modified":"2023-10-05T18:27:41","modified_gmt":"2023-10-05T16:27:41","slug":"brewing-workshop-hoppy","status":"publish","type":"product","link":"https:\/\/www.biereyourself.fr\/en\/product\/brewing-workshop-hoppy\/","title":{"rendered":"Brewing Workshop Hoppy"},"content":{"rendered":"\t\t<div data-elementor-type=\"wp-post\" data-elementor-id=\"10308\" class=\"elementor elementor-10308 elementor-3661\">\n\t\t\t\t\t\t<section class=\"elementor-section elementor-top-section elementor-element elementor-element-44f95ff3 elementor-section-boxed elementor-section-height-default elementor-section-height-default\" data-id=\"44f95ff3\" data-element_type=\"section\">\n\t\t\t\t\t\t<div class=\"elementor-container elementor-column-gap-default\">\n\t\t\t\t\t<div class=\"elementor-column elementor-col-100 elementor-top-column elementor-element elementor-element-120e8a1\" data-id=\"120e8a1\" data-element_type=\"column\">\n\t\t\t<div class=\"elementor-widget-wrap elementor-element-populated\">\n\t\t\t\t\t\t<div class=\"elementor-element elementor-element-778a006d elementor-widget elementor-widget-text-editor\" data-id=\"778a006d\" data-element_type=\"widget\" data-widget_type=\"text-editor.default\">\n\t\t\t\t<div class=\"elementor-widget-container\">\n\t\t\t\t\t\t\t<p>Joignez-vous \u00e0 nous pour un moment convivial et d\u00e9tendu autour de vos amis pour apprendre \u00e0 faire vos recettes de bi\u00e8re artisanal pr\u00e9f\u00e9r\u00e9es.<\/p>\n<p><strong>Chaque atelier comprend 2 sessions \u00e1 deux moments diff\u00e9rents : une session de Brassage et une session d\u2019Embouteillage.<\/strong><\/p>\n<ul>\n<li>La date de r\u00e9servation actuelle est seulement pour la premi\u00e8re session (Brassage)<\/li>\n<li>Vous pourrez prendre le deuxi\u00e8me rendez-vous pour la deuxi\u00e8me session juste apr\u00e8s la premi\u00e8re session<\/li>\n<li>La deuxi\u00e8me session a lieu au moins 3 semaines apr\u00e8s la premi\u00e8re<\/li>\n<li>Possibilit\u00e9 de venir seul ou \u00e0 deux pour le m\u00eame prix<\/li>\n<\/ul>\n<hr \/>\n<p><strong>PREMI\u00c8RE SESSION\u00a0:\u00a0<\/strong>Brassage (2 heures)<\/p>\n<ul>\n<li>Choix la recette que vous souhaitez brasser parmi la liste des 3 recettes (blanche, blonde, ambr\u00e9e)<\/li>\n<li>Tout le mat\u00e9riel (ingr\u00e9dients, bouteilles, cartons) vous sera fourni sur place<\/li>\n<li>Brasser votre bi\u00e8re<\/li>\n<li>Ajouter vos houblons<\/li>\n<li>D\u00e9poser les levures<\/li>\n<\/ul>\n<p><em>A la fin du brassage vous pouvez r\u00e9server la date de la deuxi\u00e8me session (3 semaines apr\u00e8s minimum).<\/em><\/p>\n<p><em><strong>Les Cr\u00e9neaux :<\/strong><\/em><\/p>\n<ul>\n<li>Mercredi\u00a0 \u00a0 \u00a018h \u2013 20h<\/li>\n<li>Samedi\u00a0 \u00a0 \u00a0 \u00a016h \u2013 18h<\/li>\n<\/ul>\n<hr \/>\n<p><strong>DEUXI\u00c8ME SESSION\u00a0:\u00a0<\/strong>Embouteillage et \u00c9tiquetage (1 heure)\u00a0<em>3 semaines apr\u00e8s brassage minimum<\/em><\/p>\n<ul>\n<li>Mettre votre bi\u00e8re en bouteille<\/li>\n<li>Personnaliser vos \u00e9tiquettes avec le nom de votre bi\u00e8re<\/li>\n<li>Coller vos \u00e9tiquettes<\/li>\n<li>Vous repartirez avec 12 bouteilles de 50 cl de votre propre bi\u00e8re (6 litres)<\/li>\n<\/ul>\n<p><em><strong>Les Cr\u00e9neaux :<\/strong><\/em><\/p>\n<ul>\n<li>Mardi\u00a0 \u00a0 \u00a0 \u00a0 \u00a017h \u2013 21h<\/li>\n<\/ul>\n\t\t\t\t\t\t<\/div>\n\t\t\t\t<\/div>\n\t\t\t\t\t<\/div>\n\t\t<\/div>\n\t\t\t\t\t<\/div>\n\t\t<\/section>\n\t\t\t\t<\/div>\n\t\t","protected":false},"excerpt":{"rendered":"<p>Joignez-vous \u00e0 nous pour un moment convivial et d\u00e9tendu autour de vos amis pour apprendre \u00e0 faire vos recettes de bi\u00e8re artisanal pr\u00e9f\u00e9r\u00e9es. Chaque atelier comprend 2 sessions \u00e1 deux moments diff\u00e9rents : une session de Brassage et une session d\u2019Embouteillage. La date de r\u00e9servation actuelle est seulement pour la premi\u00e8re session (Brassage) Vous pourrez [&hellip;]<\/p>\n","protected":false},"featured_media":1854,"template":"","meta":{"content-type":"","_monsterinsights_skip_tracking":false,"_monsterinsights_sitenote_active":false,"_monsterinsights_sitenote_note":"","_monsterinsights_sitenote_category":0},"product_cat":[51],"product_tag":[63],"yoast_head":"<!-- This site is optimized with the Yoast SEO plugin v20.0 - https:\/\/yoast.com\/wordpress\/plugins\/seo\/ -->\n<title>Brewing Workshop Hoppy | Biere Yourself<\/title>\n<meta name=\"description\" content=\"We imagined this brewing workshop so that everyone can come and brew their own beer with professional, high quality and quality materials and ingredients.\" \/>\n<meta name=\"robots\" content=\"index, follow, max-snippet:-1, max-image-preview:large, max-video-preview:-1\" \/>\n<link rel=\"canonical\" href=\"https:\/\/www.biereyourself.fr\/en\/product\/brewing-workshop-hoppy\/\" \/>\n<meta property=\"og:locale\" content=\"en_US\" \/>\n<meta property=\"og:type\" content=\"article\" \/>\n<meta property=\"og:title\" content=\"Brewing Workshop Hoppy | Biere Yourself\" \/>\n<meta property=\"og:description\" content=\"We imagined this brewing workshop so that everyone can come and brew their own beer with professional, high quality and quality materials and ingredients.\" \/>\n<meta property=\"og:url\" content=\"https:\/\/www.biereyourself.fr\/en\/product\/brewing-workshop-hoppy\/\" \/>\n<meta property=\"og:site_name\" content=\"Biere Yourself\" \/>\n<meta property=\"article:publisher\" content=\"https:\/\/www.facebook.com\/BiereYourself\/\" \/>\n<meta property=\"article:modified_time\" content=\"2023-10-05T16:27:41+00:00\" \/>\n<meta property=\"og:image\" content=\"https:\/\/www.biereyourself.fr\/wp-content\/uploads\/2018\/08\/shutterstock_575770156-copy-e1538495585737.jpg\" \/>\n\t<meta property=\"og:image:width\" content=\"400\" \/>\n\t<meta property=\"og:image:height\" content=\"280\" \/>\n\t<meta property=\"og:image:type\" content=\"image\/jpeg\" \/>\n<meta name=\"twitter:card\" content=\"summary_large_image\" \/>\n<meta name=\"twitter:label1\" content=\"Est. reading time\" \/>\n\t<meta name=\"twitter:data1\" content=\"1 minute\" \/>\n<script type=\"application\/ld+json\" class=\"yoast-schema-graph\">{\"@context\":\"https:\/\/schema.org\",\"@graph\":[{\"@type\":\"WebPage\",\"@id\":\"https:\/\/www.biereyourself.fr\/en\/product\/brewing-workshop-hoppy\/\",\"url\":\"https:\/\/www.biereyourself.fr\/en\/product\/brewing-workshop-hoppy\/\",\"name\":\"Brewing Workshop Hoppy | Biere Yourself\",\"isPartOf\":{\"@id\":\"https:\/\/www.biereyourself.fr\/en\/#website\"},\"datePublished\":\"2019-08-07T15:52:39+00:00\",\"dateModified\":\"2023-10-05T16:27:41+00:00\",\"description\":\"We imagined this brewing workshop so that everyone can come and brew their own beer with professional, high quality and quality materials and ingredients.\",\"breadcrumb\":{\"@id\":\"https:\/\/www.biereyourself.fr\/en\/product\/brewing-workshop-hoppy\/#breadcrumb\"},\"inLanguage\":\"en-US\",\"potentialAction\":[{\"@type\":\"ReadAction\",\"target\":[\"https:\/\/www.biereyourself.fr\/en\/product\/brewing-workshop-hoppy\/\"]}]},{\"@type\":\"BreadcrumbList\",\"@id\":\"https:\/\/www.biereyourself.fr\/en\/product\/brewing-workshop-hoppy\/#breadcrumb\",\"itemListElement\":[{\"@type\":\"ListItem\",\"position\":1,\"name\":\"Home\",\"item\":\"https:\/\/www.biereyourself.fr\/en\/home\/\"},{\"@type\":\"ListItem\",\"position\":2,\"name\":\"Shop\",\"item\":\"https:\/\/www.biereyourself.fr\/en\/shop\/\"},{\"@type\":\"ListItem\",\"position\":3,\"name\":\"Brewing Workshop Hoppy\"}]},{\"@type\":\"WebSite\",\"@id\":\"https:\/\/www.biereyourself.fr\/en\/#website\",\"url\":\"https:\/\/www.biereyourself.fr\/en\/\",\"name\":\"Biere Yourself\",\"description\":\"Atelier de brassage de bi\u00e8res  |  Pays de Gex &amp; Gen\u00e8ve\",\"publisher\":{\"@id\":\"https:\/\/www.biereyourself.fr\/en\/#organization\"},\"potentialAction\":[{\"@type\":\"SearchAction\",\"target\":{\"@type\":\"EntryPoint\",\"urlTemplate\":\"https:\/\/www.biereyourself.fr\/en\/?s={search_term_string}\"},\"query-input\":\"required name=search_term_string\"}],\"inLanguage\":\"en-US\"},{\"@type\":\"Organization\",\"@id\":\"https:\/\/www.biereyourself.fr\/en\/#organization\",\"name\":\"Biere Yourself\",\"url\":\"https:\/\/www.biereyourself.fr\/en\/\",\"logo\":{\"@type\":\"ImageObject\",\"inLanguage\":\"en-US\",\"@id\":\"https:\/\/www.biereyourself.fr\/en\/#\/schema\/logo\/image\/\",\"url\":\"https:\/\/www.biereyourself.fr\/wp-content\/uploads\/2018\/12\/BiereYourself_Logo_text.png\",\"contentUrl\":\"https:\/\/www.biereyourself.fr\/wp-content\/uploads\/2018\/12\/BiereYourself_Logo_text.png\",\"width\":640,\"height\":337,\"caption\":\"Biere Yourself\"},\"image\":{\"@id\":\"https:\/\/www.biereyourself.fr\/en\/#\/schema\/logo\/image\/\"},\"sameAs\":[\"https:\/\/www.instagram.com\/biereyourself\/\",\"https:\/\/www.facebook.com\/BiereYourself\/\"]}]}<\/script>\n<!-- \/ Yoast SEO plugin. -->","yoast_head_json":{"title":"Brewing Workshop Hoppy | Biere Yourself","description":"We imagined this brewing workshop so that everyone can come and brew their own beer with professional, high quality and quality materials and ingredients.","robots":{"index":"index","follow":"follow","max-snippet":"max-snippet:-1","max-image-preview":"max-image-preview:large","max-video-preview":"max-video-preview:-1"},"canonical":"https:\/\/www.biereyourself.fr\/en\/product\/brewing-workshop-hoppy\/","og_locale":"en_US","og_type":"article","og_title":"Brewing Workshop Hoppy | Biere Yourself","og_description":"We imagined this brewing workshop so that everyone can come and brew their own beer with professional, high quality and quality materials and ingredients.","og_url":"https:\/\/www.biereyourself.fr\/en\/product\/brewing-workshop-hoppy\/","og_site_name":"Biere Yourself","article_publisher":"https:\/\/www.facebook.com\/BiereYourself\/","article_modified_time":"2023-10-05T16:27:41+00:00","og_image":[{"width":400,"height":280,"url":"https:\/\/www.biereyourself.fr\/wp-content\/uploads\/2018\/08\/shutterstock_575770156-copy-e1538495585737.jpg","type":"image\/jpeg"}],"twitter_card":"summary_large_image","twitter_misc":{"Est. reading time":"1 minute"},"schema":{"@context":"https:\/\/schema.org","@graph":[{"@type":"WebPage","@id":"https:\/\/www.biereyourself.fr\/en\/product\/brewing-workshop-hoppy\/","url":"https:\/\/www.biereyourself.fr\/en\/product\/brewing-workshop-hoppy\/","name":"Brewing Workshop Hoppy | Biere Yourself","isPartOf":{"@id":"https:\/\/www.biereyourself.fr\/en\/#website"},"datePublished":"2019-08-07T15:52:39+00:00","dateModified":"2023-10-05T16:27:41+00:00","description":"We imagined this brewing workshop so that everyone can come and brew their own beer with professional, high quality and quality materials and ingredients.","breadcrumb":{"@id":"https:\/\/www.biereyourself.fr\/en\/product\/brewing-workshop-hoppy\/#breadcrumb"},"inLanguage":"en-US","potentialAction":[{"@type":"ReadAction","target":["https:\/\/www.biereyourself.fr\/en\/product\/brewing-workshop-hoppy\/"]}]},{"@type":"BreadcrumbList","@id":"https:\/\/www.biereyourself.fr\/en\/product\/brewing-workshop-hoppy\/#breadcrumb","itemListElement":[{"@type":"ListItem","position":1,"name":"Home","item":"https:\/\/www.biereyourself.fr\/en\/home\/"},{"@type":"ListItem","position":2,"name":"Shop","item":"https:\/\/www.biereyourself.fr\/en\/shop\/"},{"@type":"ListItem","position":3,"name":"Brewing Workshop Hoppy"}]},{"@type":"WebSite","@id":"https:\/\/www.biereyourself.fr\/en\/#website","url":"https:\/\/www.biereyourself.fr\/en\/","name":"Biere Yourself","description":"Atelier de brassage de bi\u00e8res  |  Pays de Gex &amp; Gen\u00e8ve","publisher":{"@id":"https:\/\/www.biereyourself.fr\/en\/#organization"},"potentialAction":[{"@type":"SearchAction","target":{"@type":"EntryPoint","urlTemplate":"https:\/\/www.biereyourself.fr\/en\/?s={search_term_string}"},"query-input":"required name=search_term_string"}],"inLanguage":"en-US"},{"@type":"Organization","@id":"https:\/\/www.biereyourself.fr\/en\/#organization","name":"Biere Yourself","url":"https:\/\/www.biereyourself.fr\/en\/","logo":{"@type":"ImageObject","inLanguage":"en-US","@id":"https:\/\/www.biereyourself.fr\/en\/#\/schema\/logo\/image\/","url":"https:\/\/www.biereyourself.fr\/wp-content\/uploads\/2018\/12\/BiereYourself_Logo_text.png","contentUrl":"https:\/\/www.biereyourself.fr\/wp-content\/uploads\/2018\/12\/BiereYourself_Logo_text.png","width":640,"height":337,"caption":"Biere Yourself"},"image":{"@id":"https:\/\/www.biereyourself.fr\/en\/#\/schema\/logo\/image\/"},"sameAs":["https:\/\/www.instagram.com\/biereyourself\/","https:\/\/www.facebook.com\/BiereYourself\/"]}]}},"_links":{"self":[{"href":"https:\/\/www.biereyourself.fr\/en\/wp-json\/wp\/v2\/product\/10308"}],"collection":[{"href":"https:\/\/www.biereyourself.fr\/en\/wp-json\/wp\/v2\/product"}],"about":[{"href":"https:\/\/www.biereyourself.fr\/en\/wp-json\/wp\/v2\/types\/product"}],"version-history":[{"count":3,"href":"https:\/\/www.biereyourself.fr\/en\/wp-json\/wp\/v2\/product\/10308\/revisions"}],"predecessor-version":[{"id":10311,"href":"https:\/\/www.biereyourself.fr\/en\/wp-json\/wp\/v2\/product\/10308\/revisions\/10311"}],"wp:featuredmedia":[{"embeddable":true,"href":"https:\/\/www.biereyourself.fr\/en\/wp-json\/wp\/v2\/media\/1854"}],"wp:attachment":[{"href":"https:\/\/www.biereyourself.fr\/en\/wp-json\/wp\/v2\/media?parent=10308"}],"wp:term":[{"taxonomy":"product_cat","embeddable":true,"href":"https:\/\/www.biereyourself.fr\/en\/wp-json\/wp\/v2\/product_cat?post=10308"},{"taxonomy":"product_tag","embeddable":true,"href":"https:\/\/www.biereyourself.fr\/en\/wp-json\/wp\/v2\/product_tag?post=10308"}],"curies":[{"name":"wp","href":"https:\/\/api.w.org\/{rel}","templated":true}]}}